{"id":1274,"date":"2015-10-21T07:42:32","date_gmt":"2015-10-21T07:42:32","guid":{"rendered":"http:\/\/logistics.stylemixthemes.com\/\/?page_id=2"},"modified":"2025-05-25T21:07:00","modified_gmt":"2025-05-25T19:07:00","slug":"stahovanie-prepravne-sluzby-upratovacie-sluzby-vypratavanie-montaz-demontaz-tepovanie","status":"publish","type":"page","link":"https:\/\/jjtransport.sk\/","title":{"rendered":"S\u0165ahovanie, Prepravn\u00e9 slu\u017eby, Upratovacie slu\u017eby, Vyprat\u00e1vanie, Mont\u00e1\u017e\/Demont\u00e1\u017e, Tepovanie"},"content":{"rendered":"<div class=\"wpb-content-wrapper\"><p>[vc_row content_placement=&#8220;top&#8220; css_animation=&#8220;fadeIn&#8220; css=&#8220;.vc_custom_1748193063499{background-color: #183650 !important;}&#8220;][vc_column css=&#8220;.vc_custom_1748192759702{background-color: #183650 !important;}&#8220;]<div class=\"gambit_fullwidth_row\" data-content-width=\"1080\" style=\"display: none\"><\/div>[vc_icon icon_fontawesome=&#8220;fab fa-instagram&#8220; color=&#8220;juicy_pink&#8220; size=&#8220;sm&#8220; align=&#8220;right&#8220; css_animation=&#8220;bounceIn&#8220; css=&#8220;&#8220; link=&#8220;url:https%3A%2F%2Fwww.instagram.com%2Fjj_transport_company_sk%2F&#8220; el_class=&#8220;jj-social-icon&#8220;][vc_icon icon_fontawesome=&#8220;fab fa-facebook-square&#8220; size=&#8220;sm&#8220; align=&#8220;right&#8220; css_animation=&#8220;bounceIn&#8220; css=&#8220;&#8220; link=&#8220;url:https%3A%2F%2Fwww.facebook.com%2Fpeople%2FJJ-Transport-Company-sro%2F61564655554548%2F|target:_blank&#8220; el_class=&#8220;jj-social-icon&#8220;][\/vc_column][\/vc_row][vc_row content_placement=&#8220;top&#8220; css_animation=&#8220;fadeIn&#8220; css=&#8220;.vc_custom_1748167972212{margin-top: 50px !important;background-color: #ffffff !important;}&#8220;][vc_column width=&#8220;1\/3&#8243;][vc_raw_html css=&#8220;&#8220;]JTNDZGl2JTIwY2xhc3MlM0QlMjJsb2dvJTIyJTNFJTBBJTA5JTA5JTA5JTA5JTA5JTA5JTA5JTA5JTA5JTNDYSUyMGhyZWYlM0QlMjJodHRwcyUzQSUyRiUyRmpqdHJhbnNwb3J0LnNrJTJGJTIyJTNFJTNDaW1nJTIwc3JjJTNEJTIyaHR0cCUzQSUyRiUyRmpqdHJhbnNwb3J0LnNrJTJGd3AtY29udGVudCUyRnVwbG9hZHMlMkYyMDI0JTJGMDklMkZsb2dvLnN2ZyUyMiUyMGFsdCUzRCUyMmpqdHJhbnNwb3J0LnNrJTIyJTNFJTNDJTJGYSUzRSUwOSUwOSUwOSUwOSUwOSUwOSUwOSUwOSUzQyUyRmRpdiUzRQ==[\/vc_raw_html][\/vc_column][vc_column width=&#8220;1\/3&#8243; fnt_family=&#8220;ABeeZee&#8220; css=&#8220;.vc_custom_1748197964657{margin-top: 0px !important;border-bottom-width: 0px !important;}&#8220;][vc_column_text css=&#8220;.vc_custom_1748196832853{background-color: rgba(255,255,255,0.01) !important;*background-color: rgb(255,255,255) !important;}&#8220;]<\/p>\n<p class=\"jj-links\" style=\"text-align: center; display: flex; flex-direction: column; vertical-align: middle;\"><a class=\"jj-links-tel\" style=\"color: #990a00; font-weight: bold;\" href=\"tel:+421908494595\"><span style=\"font-family: impact, sans-serif;\">0908494595<\/span><\/a><br \/>\n<a class=\"jj-links-mail\" style=\"color: #4a4b4f; font-weight: bold;\" href=\"mailto:info@jjtransport.sk\">info@jjtransport.sk<\/a><\/p>\n<p>[\/vc_column_text][\/vc_column][vc_column width=&#8220;1\/6&#8243; css=&#8220;.vc_custom_1748161870535{margin-top: 20px !important;}&#8220;][vc_column_text css=&#8220;&#8220;]<\/p>\n<p class=\"jj-hours\" style=\"text-align: center; display: flex; flex-direction: column; vertical-align: middle;\"><span class=\"jj-hours-stop\" style=\"color: #4a4b4f; font-weight: bold; text-align: center; font-family: impact, sans-serif;\">NON-STOP<\/span><br \/>\n<span class=\"jj-hours-days\" style=\"color: #4a4b4f; font-weight: bold; text-align: center; font-family: impact, sans-serif;\">PO-NE<\/span><\/p>\n<p>[\/vc_column_text][\/vc_column][vc_column width=&#8220;1\/6&#8243; css=&#8220;.vc_custom_1748161680720{margin-top: 20px !important;}&#8220;][vc_column_text css=&#8220;&#8220;]<\/p>\n<p class=\"jj-place\" style=\"text-align: center; display: flex; align-items: center; justify-content: center;\"><span class=\"jj-place-txt\" style=\"color: #4a4b4f; font-weight: bold; text-align: center; font-family: impact, sans-serif;\">Z\u00e1padn\u00e9 Slovensko<\/span><\/p>\n<p>[\/vc_column_text][\/vc_column][vc_column][vc_empty_space height=&#8220;px&#8220;][\/vc_column][\/vc_row][vc_row][vc_column][vc_separator border_width=&#8220;4&#8243; css_animation=&#8220;fadeIn&#8220; css=&#8220;&#8220;][\/vc_column][\/vc_row][vc_row hover_anim=&#8220;zoom-tilt&#8220; css=&#8220;.vc_custom_1748167986416{margin-top: 50px !important;background-color: #ffffff !important;}&#8220;][vc_column width=&#8220;1\/3&#8243; css=&#8220;.vc_custom_1748164966886{margin-top: 30px !important;}&#8220;][vc_single_image image=&#8220;1317&#8243; img_size=&#8220;medium&#8220; alignment=&#8220;center&#8220; style=&#8220;vc_box_shadow_3d&#8220; css=&#8220;&#8220;][vc_column_text css=&#8220;&#8220;]<\/p>\n<p class=\"p1\" style=\"text-align: center;\"><span style=\"font-size: 2em;\"><strong>S\u0165ahovanie<\/strong><\/span><\/p>\n<p style=\"text-align: center;\"><span style=\"font-size: 1.5em;\">Poskytujeme kompletn\u00e9 s\u0165ahovanie n\u00e1bytku, spotrebi\u010dov, osobn\u00fdch vec\u00ed, r\u00f4znych in\u00fdch bremien aj s vynesen\u00edm.<\/span><\/p>\n<p>[\/vc_column_text][\/vc_column][vc_column width=&#8220;1\/3&#8243; css=&#8220;.vc_custom_1748164973922{margin-top: 30px !important;}&#8220;][vc_single_image image=&#8220;1315&#8243; img_size=&#8220;medium&#8220; alignment=&#8220;center&#8220; style=&#8220;vc_box_shadow_3d&#8220; css=&#8220;&#8220;][vc_column_text css=&#8220;&#8220;]<\/p>\n<p class=\"p1\" style=\"text-align: center;\"><span style=\"font-size: 2em;\"><strong>Prepravn\u00e9 slu\u017eby<\/strong><\/span><\/p>\n<p style=\"text-align: center;\"><span style=\"font-size: 1.5em;\">Zabezpe\u010d\u00edme prepravu n\u00e1kladu, tovaru po celom \u00fazem\u00ed Slovenska dod\u00e1vkami do 3,5 tony.<\/span><\/p>\n<p>[\/vc_column_text][\/vc_column][vc_column width=&#8220;1\/3&#8243; css=&#8220;.vc_custom_1748164984441{margin-top: 30px !important;}&#8220;][vc_single_image image=&#8220;1316&#8243; img_size=&#8220;medium&#8220; alignment=&#8220;center&#8220; style=&#8220;vc_box_shadow_3d&#8220; css=&#8220;&#8220;][vc_column_text css=&#8220;&#8220;]<\/p>\n<p class=\"p1\" style=\"text-align: center;\"><span style=\"font-size: 2em;\"><strong>Upratovacie slu\u017eby<\/strong><\/span><\/p>\n<p style=\"text-align: center;\"><span style=\"font-size: 1.5em;\">Poskytujeme upratovanie kancel\u00e1ri\u00ed, apartm\u00e1nov, komer\u010dn\u00fdch priestorov, upratovanie vchodov v bytov\u00fdch domoch, upratanie po stavbe\/ rekon\u0161trukcii, um\u00fdvanie okien a in\u00e9.<\/span><\/p>\n<p>[\/vc_column_text][\/vc_column][\/vc_row][vc_row][vc_column][vc_empty_space][\/vc_column][\/vc_row][vc_row][vc_column][vc_separator style=&#8220;shadow&#8220; css=&#8220;&#8220;][\/vc_column][\/vc_row][vc_row css=&#8220;.vc_custom_1748167995371{margin-top: 50px !important;background-color: #ffffff !important;}&#8220;][vc_column width=&#8220;1\/3&#8243; css=&#8220;.vc_custom_1748164992354{margin-top: 30px !important;}&#8220;][vc_single_image image=&#8220;1504&#8243; img_size=&#8220;medium&#8220; alignment=&#8220;center&#8220; style=&#8220;vc_box_shadow_3d&#8220; css=&#8220;&#8220;][vc_column_text css=&#8220;&#8220;]<\/p>\n<p class=\"p1\" style=\"text-align: center;\"><span style=\"font-size: 2em;\"><strong>Vyprat\u00e1vanie<\/strong><\/span><\/p>\n<p style=\"text-align: center;\"><span style=\"font-size: 1.5em;\">Vyprat\u00e1me V\u00e1m priestory so star\u00fdm n\u00e1bytkom, stavebn\u00fd odpad a r\u00f4zne in\u00e9. Odvoz nefunk\u010dn\u00fdch spotrebi\u010dov, alebo nepotrebn\u00fdch vec\u00ed na zbern\u00fd dvor.<\/span><\/p>\n<p>[\/vc_column_text][\/vc_column][vc_column width=&#8220;1\/3&#8243; css=&#8220;.vc_custom_1748165000130{margin-top: 30px !important;}&#8220;][vc_single_image image=&#8220;1501&#8243; img_size=&#8220;medium&#8220; alignment=&#8220;center&#8220; style=&#8220;vc_box_shadow_3d&#8220; css=&#8220;&#8220;][vc_column_text css=&#8220;&#8220;]<\/p>\n<p class=\"p1\" style=\"text-align: center;\"><span style=\"font-size: 2em;\"><strong>Mont\u00e1\u017e\/Demont\u00e1\u017e<\/strong><\/span><\/p>\n<p style=\"text-align: center;\"><span style=\"font-size: 1.5em;\">Pri s\u0165ahovan\u00ed sa \u010dasto stret\u00e1vame s nutnos\u0165ou, mont\u00e1\u017ee, alebo demont\u00e1\u017ee n\u00e1bytku, ale taktie\u017e V\u00e1m vieme zabezpe\u010di\u0165 aj samostatn\u00fa mont\u00e1\u017e n\u00e1bytku.<\/span><\/p>\n<p>[\/vc_column_text][\/vc_column][vc_column width=&#8220;1\/3&#8243; css=&#8220;.vc_custom_1748165007505{margin-top: 30px !important;}&#8220;][vc_single_image image=&#8220;1502&#8243; img_size=&#8220;medium&#8220; alignment=&#8220;center&#8220; style=&#8220;vc_box_shadow_3d&#8220; css=&#8220;&#8220;][vc_column_text css=&#8220;&#8220;]<\/p>\n<p class=\"p1\" style=\"text-align: center;\"><span style=\"font-size: 2em;\"><strong>Tepovanie<\/strong><\/span><\/p>\n<p style=\"text-align: center;\"><span style=\"font-size: 1.5em;\">Vytepujeme V\u00e1m seda\u010dku, koberec, kresl\u00e1, alebo ak\u00fdko\u013evek \u010dal\u00fanen\u00fd povrch.<\/span><\/p>\n<p>[\/vc_column_text][\/vc_column][\/vc_row][vc_row][vc_column][vc_empty_space][\/vc_column][\/vc_row][vc_row][vc_column][vc_separator style=&#8220;shadow&#8220; css=&#8220;&#8220;][\/vc_column][\/vc_row][vc_row][vc_column][vc_empty_space][\/vc_column][\/vc_row][vc_row css=&#8220;.vc_custom_1748168004136{background-color: #ffffff !important;}&#8220;][vc_column css=&#8220;.vc_custom_1748167645122{margin-right: 10px !important;margin-left: 10px !important;}&#8220;][vc_column_text css=&#8220;&#8220;]<span style=\"color: #292e36;\"><br \/>\n<span style=\"font-size: 24pt;\"><strong>Pre\u010do si vybra\u0165 n\u00e1s?<\/strong><\/span><\/span><\/p>\n<ul>\n<li><span style=\"font-size: 16pt;\"><b>Spo\u013eahlivos\u0165 a profesionalita:\u00a0<\/b>Sme \u0161kolen\u00ed profesion\u00e1li s bohat\u00fdmi sk\u00fasenos\u0165ami v oblasti slu\u017eieb, ktor\u00e9 poskytujeme.<\/span><\/li>\n<li><span style=\"font-size: 16pt;\"><b>Osobn\u00fd pr\u00edstup: <\/b>V\u017edy sa sna\u017e\u00edme pochopi\u0165 Va\u0161e potreby a prisp\u00f4sobi\u0165 na\u0161u pr\u00e1cu presne pod\u013ea Va\u0161ich o\u010dak\u00e1van\u00ed.<\/span><\/li>\n<li><span style=\"font-size: 16pt;\"><b>Kvalitn\u00e9 slu\u017eby za bezkonkuren\u010dn\u00e9 ceny: <\/b>Pon\u00fakame kvalitn\u00e9 slu\u017eby za ceny, ktor\u00e9 s\u00fa priate\u013esk\u00e9 k\u00a0Va\u0161ej pe\u0148a\u017eenke. Sme presved\u010den\u00ed, \u017ee si zasl\u00fa\u017eite kvalitn\u00fa slu\u017ebu bez prehnan\u00fdch n\u00e1kladov.<\/span><\/li>\n<li><span style=\"font-size: 16pt;\"><b>Flexibilita a prisp\u00f4sobivos\u0165:\u00a0<\/b>Sme pripraven\u00ed sa prisp\u00f4sobi\u0165 va\u0161im potreb\u00e1m a \u010dasov\u00fdm po\u017eiadavk\u00e1m. Sme tu pre V\u00e1s k dispoz\u00edci\u00ed NONSTOP, aj po\u010das v\u00edkendov a sviatkov, ak to vy\u017eaduje Va\u0161a situ\u00e1cia.<\/span><\/li>\n<\/ul>\n<p>[\/vc_column_text][\/vc_column][\/vc_row][vc_row][vc_column][vc_empty_space][\/vc_column][\/vc_row][vc_row content_placement=&#8220;top&#8220; css_animation=&#8220;fadeIn&#8220; css=&#8220;.vc_custom_1748167972212{margin-top: 50px !important;background-color: #ffffff !important;}&#8220;][vc_column width=&#8220;1\/4&#8243;][\/vc_column][vc_column width=&#8220;3\/4&#8243; css=&#8220;.vc_custom_1748168474175{margin-top: 20px !important;}&#8220;][\/vc_column][\/vc_row][vc_row equal_height=&#8220;yes&#8220; content_placement=&#8220;bottom&#8220; css=&#8220;.vc_custom_1748196534867{background-color: #183650 !important;}&#8220; el_id=&#8220;footer&#8220;][vc_column width=&#8220;1\/4&#8243;]<div class=\"gambit_fullwidth_row\" data-content-width=\"1080\" style=\"display: none\"><\/div>[vc_raw_html css=&#8220;&#8220;]JTNDZGl2JTIwY2xhc3MlM0QlMjJsb2dvJTIwamotZm9vdGVyLWxvZ28lMjIlM0UlM0NhJTIwaHJlZiUzRCUyMmh0dHBzJTNBJTJGJTJGamp0cmFuc3BvcnQuc2slMkYlMjIlM0UlM0NpbWclMjBzcmMlM0QlMjJodHRwJTNBJTJGJTJGamp0cmFuc3BvcnQuc2slMkZ3cC1jb250ZW50JTJGdXBsb2FkcyUyRjIwMjQlMkYwOSUyRmxvZ28uc3ZnJTIyJTIwYWx0JTNEJTIyamp0cmFuc3BvcnQuc2slMjIlM0UlM0MlMkZhJTNFJTA5JTA5JTA5JTA5JTA5JTA5JTA5JTA5JTNDJTJGZGl2JTNF[\/vc_raw_html][\/vc_column][vc_column width=&#8220;3\/4&#8243;][vc_column_text css=&#8220;&#8220;]<\/p>\n<p class=\"p1\" style=\"text-align: center;\"><span style=\"font-size: 16pt;\"><i>Na\u0161a oddanos\u0165 kvalite a z\u00e1kazn\u00edckemu servisu je z\u00e1kladom na\u0161ich slu\u017eieb<\/i><\/span><\/p>\n<p>[\/vc_column_text][vc_column_text css=&#8220;.vc_custom_1748195845650{margin-bottom: 35px !important;}&#8220;]<\/p>\n<p class=\"p2\" style=\"text-align: right;\">Copyright \u00a9 2024 J&amp;J TRANSPORT COMPANY s.r.o.<\/p>\n<p>[\/vc_column_text][\/vc_column][\/vc_row]<\/p>\n<\/div>","protected":false},"excerpt":{"rendered":"<p>[vc_row content_placement=&#8220;top&#8220; css_animation=&#8220;fadeIn&#8220; css=&#8220;.vc_custom_1748193063499{background-color: #183650 !important;}&#8220;][vc_column css=&#8220;.vc_custom_1748192759702{background-color: #183650 !important;}&#8220;][vc_icon icon_fontawesome=&#8220;fab fa-instagram&#8220; color=&#8220;juicy_pink&#8220; size=&#8220;sm&#8220; align=&#8220;right&#8220; css_animation=&#8220;bounceIn&#8220; css=&#8220;&#8220; link=&#8220;url:https%3A%2F%2Fwww.instagram.com%2Fjj_transport_company_sk%2F&#8220; el_class=&#8220;jj-social-icon&#8220;][vc_icon icon_fontawesome=&#8220;fab fa-facebook-square&#8220; size=&#8220;sm&#8220; align=&#8220;right&#8220; css_animation=&#8220;bounceIn&#8220; css=&#8220;&#8220; link=&#8220;url:https%3A%2F%2Fwww.facebook.com%2Fpeople%2FJJ-Transport-Company-sro%2F61564655554548%2F|target:_blank&#8220; el_class=&#8220;jj-social-icon&#8220;][\/vc_column][\/vc_row][vc_row content_placement=&#8220;top&#8220; css_animation=&#8220;fadeIn&#8220; css=&#8220;.vc_custom_1748167972212{margin-top: 50px !important;background-color: #ffffff !important;}&#8220;][vc_column&#8230;<\/p>\n","protected":false},"author":1,"featured_media":0,"parent":0,"menu_order":0,"comment_status":"closed","ping_status":"open","template":"","meta":{"om_disable_all_campaigns":false,"_monsterinsights_skip_tracking":false,"_monsterinsights_sitenote_active":false,"_monsterinsights_sitenote_note":"","_monsterinsights_sitenote_category":0,"_uf_show_specific_survey":0,"_uf_disable_surveys":false,"footnotes":""},"class_list":["post-1274","page","type-page","status-publish","hentry"],"aioseo_notices":[],"yoast_head":"<!-- This site is optimized with the Yoast SEO plugin v25.1 - https:\/\/yoast.com\/wordpress\/plugins\/seo\/ -->\n<title>S\u0165ahovanie, Autodoprava, Upratovanie, Skalica, Bratislava<\/title>\n<meta name=\"description\" content=\"Poskytujeme profesion\u00e1lne s\u0165ahovanie n\u00e1bytku a osobn\u00fdch vec\u00ed v r\u00e1mci vn\u00fatro\u0161t\u00e1tneho presunu. Zabezpe\u010dujeme dopravu tovaru do 3,5 tony po celom \u00fazem\u00ed Slovenska. Pon\u00fakame komplexn\u00e9 upratovacie slu\u017eby po rekon\u0161trukci\u00e1ch, podujatiach a v komer\u010dn\u00fdch priestoroch.\" \/>\n<meta name=\"robots\" content=\"index, follow, max-snippet:-1, max-image-preview:large, max-video-preview:-1\" \/>\n<link rel=\"canonical\" href=\"https:\/\/jjtransport.sk\/\" \/>\n<meta property=\"og:locale\" content=\"sk_SK\" \/>\n<meta property=\"og:type\" content=\"article\" \/>\n<meta property=\"og:title\" content=\"S\u0165ahovanie, Autodoprava, Upratovanie, Skalica, Bratislava\" \/>\n<meta property=\"og:description\" content=\"Poskytujeme profesion\u00e1lne s\u0165ahovanie n\u00e1bytku a osobn\u00fdch vec\u00ed v r\u00e1mci vn\u00fatro\u0161t\u00e1tneho presunu. Zabezpe\u010dujeme dopravu tovaru do 3,5 tony po celom \u00fazem\u00ed Slovenska. Pon\u00fakame komplexn\u00e9 upratovacie slu\u017eby po rekon\u0161trukci\u00e1ch, podujatiach a v komer\u010dn\u00fdch priestoroch.\" \/>\n<meta property=\"og:url\" content=\"https:\/\/jjtransport.sk\/\" \/>\n<meta property=\"og:site_name\" content=\"jjtransport.sk\" \/>\n<meta property=\"article:modified_time\" content=\"2025-05-25T19:07:00+00:00\" \/>\n<meta name=\"twitter:card\" content=\"summary_large_image\" \/>\n<meta name=\"twitter:label1\" content=\"Predpokladan\u00fd \u010das \u010d\u00edtania\" \/>\n\t<meta name=\"twitter:data1\" content=\"3 min\u00faty\" \/>\n<script type=\"application\/ld+json\" class=\"yoast-schema-graph\">{\"@context\":\"https:\/\/schema.org\",\"@graph\":[{\"@type\":\"WebPage\",\"@id\":\"https:\/\/jjtransport.sk\/\",\"url\":\"https:\/\/jjtransport.sk\/\",\"name\":\"S\u0165ahovanie, Autodoprava, Upratovanie, Skalica, Bratislava\",\"isPartOf\":{\"@id\":\"https:\/\/jjtransport.sk\/#website\"},\"datePublished\":\"2015-10-21T07:42:32+00:00\",\"dateModified\":\"2025-05-25T19:07:00+00:00\",\"description\":\"Poskytujeme profesion\u00e1lne s\u0165ahovanie n\u00e1bytku a osobn\u00fdch vec\u00ed v r\u00e1mci vn\u00fatro\u0161t\u00e1tneho presunu. Zabezpe\u010dujeme dopravu tovaru do 3,5 tony po celom \u00fazem\u00ed Slovenska. Pon\u00fakame komplexn\u00e9 upratovacie slu\u017eby po rekon\u0161trukci\u00e1ch, podujatiach a v komer\u010dn\u00fdch priestoroch.\",\"breadcrumb\":{\"@id\":\"https:\/\/jjtransport.sk\/#breadcrumb\"},\"inLanguage\":\"sk-SK\",\"potentialAction\":[{\"@type\":\"ReadAction\",\"target\":[\"https:\/\/jjtransport.sk\/\"]}]},{\"@type\":\"BreadcrumbList\",\"@id\":\"https:\/\/jjtransport.sk\/#breadcrumb\",\"itemListElement\":[{\"@type\":\"ListItem\",\"position\":1,\"name\":\"Home\",\"item\":\"https:\/\/jjtransport.sk\/\"},{\"@type\":\"ListItem\",\"position\":2,\"name\":\"S\u0165ahovanie, Prepravn\u00e9 slu\u017eby, Upratovacie slu\u017eby, Vyprat\u00e1vanie, Mont\u00e1\u017e\/Demont\u00e1\u017e, Tepovanie\"}]},{\"@type\":\"WebSite\",\"@id\":\"https:\/\/jjtransport.sk\/#website\",\"url\":\"https:\/\/jjtransport.sk\/\",\"name\":\"jjtransport.sk\",\"description\":\"Komplexn\u00e9 rie\u0161enia\",\"potentialAction\":[{\"@type\":\"SearchAction\",\"target\":{\"@type\":\"EntryPoint\",\"urlTemplate\":\"https:\/\/jjtransport.sk\/?s={search_term_string}\"},\"query-input\":{\"@type\":\"PropertyValueSpecification\",\"valueRequired\":true,\"valueName\":\"search_term_string\"}}],\"inLanguage\":\"sk-SK\"}]}<\/script>\n<!-- \/ Yoast SEO plugin. -->","yoast_head_json":{"title":"S\u0165ahovanie, Autodoprava, Upratovanie, Skalica, Bratislava","description":"Poskytujeme profesion\u00e1lne s\u0165ahovanie n\u00e1bytku a osobn\u00fdch vec\u00ed v r\u00e1mci vn\u00fatro\u0161t\u00e1tneho presunu. Zabezpe\u010dujeme dopravu tovaru do 3,5 tony po celom \u00fazem\u00ed Slovenska. Pon\u00fakame komplexn\u00e9 upratovacie slu\u017eby po rekon\u0161trukci\u00e1ch, podujatiach a v komer\u010dn\u00fdch priestoroch.","robots":{"index":"index","follow":"follow","max-snippet":"max-snippet:-1","max-image-preview":"max-image-preview:large","max-video-preview":"max-video-preview:-1"},"canonical":"https:\/\/jjtransport.sk\/","og_locale":"sk_SK","og_type":"article","og_title":"S\u0165ahovanie, Autodoprava, Upratovanie, Skalica, Bratislava","og_description":"Poskytujeme profesion\u00e1lne s\u0165ahovanie n\u00e1bytku a osobn\u00fdch vec\u00ed v r\u00e1mci vn\u00fatro\u0161t\u00e1tneho presunu. Zabezpe\u010dujeme dopravu tovaru do 3,5 tony po celom \u00fazem\u00ed Slovenska. Pon\u00fakame komplexn\u00e9 upratovacie slu\u017eby po rekon\u0161trukci\u00e1ch, podujatiach a v komer\u010dn\u00fdch priestoroch.","og_url":"https:\/\/jjtransport.sk\/","og_site_name":"jjtransport.sk","article_modified_time":"2025-05-25T19:07:00+00:00","twitter_card":"summary_large_image","twitter_misc":{"Predpokladan\u00fd \u010das \u010d\u00edtania":"3 min\u00faty"},"schema":{"@context":"https:\/\/schema.org","@graph":[{"@type":"WebPage","@id":"https:\/\/jjtransport.sk\/","url":"https:\/\/jjtransport.sk\/","name":"S\u0165ahovanie, Autodoprava, Upratovanie, Skalica, Bratislava","isPartOf":{"@id":"https:\/\/jjtransport.sk\/#website"},"datePublished":"2015-10-21T07:42:32+00:00","dateModified":"2025-05-25T19:07:00+00:00","description":"Poskytujeme profesion\u00e1lne s\u0165ahovanie n\u00e1bytku a osobn\u00fdch vec\u00ed v r\u00e1mci vn\u00fatro\u0161t\u00e1tneho presunu. Zabezpe\u010dujeme dopravu tovaru do 3,5 tony po celom \u00fazem\u00ed Slovenska. Pon\u00fakame komplexn\u00e9 upratovacie slu\u017eby po rekon\u0161trukci\u00e1ch, podujatiach a v komer\u010dn\u00fdch priestoroch.","breadcrumb":{"@id":"https:\/\/jjtransport.sk\/#breadcrumb"},"inLanguage":"sk-SK","potentialAction":[{"@type":"ReadAction","target":["https:\/\/jjtransport.sk\/"]}]},{"@type":"BreadcrumbList","@id":"https:\/\/jjtransport.sk\/#breadcrumb","itemListElement":[{"@type":"ListItem","position":1,"name":"Home","item":"https:\/\/jjtransport.sk\/"},{"@type":"ListItem","position":2,"name":"S\u0165ahovanie, Prepravn\u00e9 slu\u017eby, Upratovacie slu\u017eby, Vyprat\u00e1vanie, Mont\u00e1\u017e\/Demont\u00e1\u017e, Tepovanie"}]},{"@type":"WebSite","@id":"https:\/\/jjtransport.sk\/#website","url":"https:\/\/jjtransport.sk\/","name":"jjtransport.sk","description":"Komplexn\u00e9 rie\u0161enia","potentialAction":[{"@type":"SearchAction","target":{"@type":"EntryPoint","urlTemplate":"https:\/\/jjtransport.sk\/?s={search_term_string}"},"query-input":{"@type":"PropertyValueSpecification","valueRequired":true,"valueName":"search_term_string"}}],"inLanguage":"sk-SK"}]}},"_links":{"self":[{"href":"https:\/\/jjtransport.sk\/index.php?rest_route=\/wp\/v2\/pages\/1274"}],"collection":[{"href":"https:\/\/jjtransport.sk\/index.php?rest_route=\/wp\/v2\/pages"}],"about":[{"href":"https:\/\/jjtransport.sk\/index.php?rest_route=\/wp\/v2\/types\/page"}],"author":[{"embeddable":true,"href":"https:\/\/jjtransport.sk\/index.php?rest_route=\/wp\/v2\/users\/1"}],"replies":[{"embeddable":true,"href":"https:\/\/jjtransport.sk\/index.php?rest_route=%2Fwp%2Fv2%2Fcomments&post=1274"}],"version-history":[{"count":6,"href":"https:\/\/jjtransport.sk\/index.php?rest_route=\/wp\/v2\/pages\/1274\/revisions"}],"predecessor-version":[{"id":1605,"href":"https:\/\/jjtransport.sk\/index.php?rest_route=\/wp\/v2\/pages\/1274\/revisions\/1605"}],"wp:attachment":[{"href":"https:\/\/jjtransport.sk\/index.php?rest_route=%2Fwp%2Fv2%2Fmedia&parent=1274"}],"curies":[{"name":"wp","href":"https:\/\/api.w.org\/{rel}","templated":true}]}}